{"id":359,"date":"2025-06-07T14:55:10","date_gmt":"2025-06-07T14:55:10","guid":{"rendered":"https:\/\/newarestes.gdssoft.es\/?page_id=359"},"modified":"2025-06-10T12:39:03","modified_gmt":"2025-06-10T12:39:03","slug":"quienes-somos","status":"publish","type":"page","link":"https:\/\/arestes.es\/index.php\/quienes-somos\/","title":{"rendered":"Quienes somos"},"content":{"rendered":"\n<br><br>\n\n\n\n<div class=\"wp-block-cover has-x-large-font-size\" style=\"min-height:322px;aspect-ratio:unset;\"><img loading=\"lazy\" decoding=\"async\" width=\"1536\" height=\"1024\" class=\"wp-block-cover__image-background wp-image-162 size-full\" alt=\"\" src=\"https:\/\/arestes.es\/wp-content\/uploads\/2025\/06\/barcelona.png\" style=\"object-position:51% 36%\" data-object-fit=\"cover\" data-object-position=\"51% 36%\" srcset=\"https:\/\/arestes.es\/wp-content\/uploads\/2025\/06\/barcelona.png 1536w, https:\/\/arestes.es\/wp-content\/uploads\/2025\/06\/barcelona-300x200.png 300w, https:\/\/arestes.es\/wp-content\/uploads\/2025\/06\/barcelona-1024x683.png 1024w, https:\/\/arestes.es\/wp-content\/uploads\/2025\/06\/barcelona-768x512.png 768w, https:\/\/arestes.es\/wp-content\/uploads\/2025\/06\/barcelona-930x620.png 930w\" sizes=\"auto, (max-width: 1536px) 100vw, 1536px\" \/><span aria-hidden=\"true\" class=\"wp-block-cover__background has-background-dim\" style=\"background-color:#463221\"><\/span><div class=\"wp-block-cover__inner-container is-layout-constrained wp-block-cover-is-layout-constrained\">\n<h1 class=\"wp-block-heading has-text-align-center has-large-font-size\"><strong>QUIENES SOMOS<\/strong><\/h1>\n<\/div><\/div>\n\n\n\n<br><br>\n\n\n\n<p>Con m\u00e1s de 30 a\u00f1os realizando selecci\u00f3n de personal,&nbsp;<strong>ARESTES<\/strong>&nbsp;proporciona servicios de&nbsp;<strong>headhunting altamente especializados<\/strong>&nbsp;en los sectores m\u00e1s vanguardistas abarcando todas las tecnolog\u00edas y puestos del organigrama de cualquier empresa.<\/p>\n\n\n\n<p>ARESTES est\u00e1 \u00fanicamente dedicado a la&nbsp;<strong>b\u00fasqueda y selecci\u00f3n de personal<\/strong>.<\/p>\n\n\n\n<p>Con un equipo de recruiting altamente especializado y con la ayuda de psic\u00f3logos e ingenieros que realizaran las evaluaciones,&nbsp;<strong>ARESTES pone a disposici\u00f3n de sus clientes el mejor talento posible en cada posici\u00f3n<\/strong>.<\/p>\n\n\n\n<br>\n\n\n\n<h2 class=\"wp-block-heading has-text-align-center\"><\/h2>\n\n\n\n<div class=\"wp-block-cover has-x-large-font-size\" style=\"min-height:254px;aspect-ratio:unset;\"><img loading=\"lazy\" decoding=\"async\" width=\"1920\" height=\"729\" class=\"wp-block-cover__image-background wp-image-360 size-full\" alt=\"\" src=\"https:\/\/arestes.es\/wp-content\/uploads\/2025\/06\/bg3.jpg\" data-object-fit=\"cover\" srcset=\"https:\/\/arestes.es\/wp-content\/uploads\/2025\/06\/bg3.jpg 1920w, https:\/\/arestes.es\/wp-content\/uploads\/2025\/06\/bg3-300x114.jpg 300w, https:\/\/arestes.es\/wp-content\/uploads\/2025\/06\/bg3-1024x389.jpg 1024w, https:\/\/arestes.es\/wp-content\/uploads\/2025\/06\/bg3-768x292.jpg 768w, https:\/\/arestes.es\/wp-content\/uploads\/2025\/06\/bg3-1536x583.jpg 1536w\" sizes=\"auto, (max-width: 1920px) 100vw, 1920px\" \/><span aria-hidden=\"true\" class=\"wp-block-cover__background has-background-dim\" style=\"background-color:#745c25\"><\/span><div class=\"wp-block-cover__inner-container is-layout-constrained wp-block-cover-is-layout-constrained\">\n<p class=\"has-text-align-center has-large-font-size\"><\/p>\n<\/div><\/div>\n\n\n\n<br>\n\n\n\n<h4 class=\"wp-block-heading\">S\u00cdMBOLO DE ARESTES: UNA ESPIGA DE TRIGO<\/h4>\n\n\n\n<p>Que significa fuente de energ\u00eda, abundancia y como alimento b\u00e1sico e imprescindible en nuestra vida diaria. <\/p>\n\n\n\n<p>De esta manera entendemos nuestra forma de trabajar, desde una base sencilla y b\u00e1sica para ir creciendo al lado de nuestros clientes.<\/p>\n\n\n\n<br><br><br>\n\n\n\n<h2 class=\"wp-block-heading has-text-align-center\">\u00bfCOLABORAMOS?<\/h2>\n\n\n\n<div class=\"wp-block-media-text is-stacked-on-mobile\"><figure class=\"wp-block-media-text__media\"><img loading=\"lazy\" decoding=\"async\" width=\"683\" height=\"1024\" src=\"https:\/\/arestes.es\/wp-content\/uploads\/2025\/06\/solicitarinformacioncontacto-683x1024.png\" alt=\"\" class=\"wp-image-137 size-full\" srcset=\"https:\/\/arestes.es\/wp-content\/uploads\/2025\/06\/solicitarinformacioncontacto-683x1024.png 683w, https:\/\/arestes.es\/wp-content\/uploads\/2025\/06\/solicitarinformacioncontacto-200x300.png 200w, https:\/\/arestes.es\/wp-content\/uploads\/2025\/06\/solicitarinformacioncontacto-768x1152.png 768w, https:\/\/arestes.es\/wp-content\/uploads\/2025\/06\/solicitarinformacioncontacto.png 1024w\" sizes=\"auto, (max-width: 683px) 100vw, 683px\" \/><\/figure><div class=\"wp-block-media-text__content\">\n<p><\/p>\n\n\n\n<div class=\"wp-block-contact-form-7-contact-form-selector\">\n<div class=\"wpcf7 no-js\" id=\"wpcf7-f99-o1\" lang=\"es-ES\" dir=\"ltr\" data-wpcf7-id=\"99\">\n<div class=\"screen-reader-response\"><p role=\"status\" aria-live=\"polite\" aria-atomic=\"true\"><\/p> <ul><\/ul><\/div>\n<form action=\"\/index.php\/wp-json\/wp\/v2\/pages\/359#wpcf7-f99-o1\" method=\"post\" class=\"wpcf7-form init\" aria-label=\"Formulario de contacto\" enctype=\"multipart\/form-data\" novalidate=\"novalidate\" data-status=\"init\">\n<fieldset class=\"hidden-fields-container\"><input type=\"hidden\" name=\"_wpcf7\" value=\"99\" \/><input type=\"hidden\" name=\"_wpcf7_version\" value=\"6.1.5\" \/><input type=\"hidden\" name=\"_wpcf7_locale\" value=\"es_ES\" \/><input type=\"hidden\" name=\"_wpcf7_unit_tag\" value=\"wpcf7-f99-o1\" \/><input type=\"hidden\" name=\"_wpcf7_container_post\" value=\"0\" \/><input type=\"hidden\" name=\"_wpcf7_posted_data_hash\" value=\"\" \/><input type=\"hidden\" name=\"_wpcf7_recaptcha_response\" value=\"\" \/>\n<\/fieldset>\n<p><label> Tu nombre *<br \/>\n<span class=\"wpcf7-form-control-wrap\" data-name=\"your-name\"><input size=\"40\" maxlength=\"400\" class=\"wpcf7-form-control wpcf7-text wpcf7-validates-as-required\" autocomplete=\"name\" aria-required=\"true\" aria-invalid=\"false\" value=\"\" type=\"text\" name=\"your-name\" \/><\/span> <\/label>\n<\/p>\n<p><label> Tu correo electr\u00f3nico *<br \/>\n<span class=\"wpcf7-form-control-wrap\" data-name=\"your-email\"><input size=\"40\" maxlength=\"400\" class=\"wpcf7-form-control wpcf7-email wpcf7-validates-as-required wpcf7-text wpcf7-validates-as-email\" autocomplete=\"email\" aria-required=\"true\" aria-invalid=\"false\" value=\"\" type=\"email\" name=\"your-email\" \/><\/span> <\/label>\n<\/p>\n<p><label> Asunto *<br \/>\n<span class=\"wpcf7-form-control-wrap\" data-name=\"your-subject\"><input size=\"40\" maxlength=\"400\" class=\"wpcf7-form-control wpcf7-text wpcf7-validates-as-required\" aria-required=\"true\" aria-invalid=\"false\" value=\"\" type=\"text\" name=\"your-subject\" \/><\/span> <\/label>\n<\/p>\n<p><label> Tu mensaje (opcional)<br \/>\n<span class=\"wpcf7-form-control-wrap\" data-name=\"your-message\"><textarea cols=\"40\" rows=\"10\" maxlength=\"2000\" class=\"wpcf7-form-control wpcf7-textarea\" aria-invalid=\"false\" name=\"your-message\"><\/textarea><\/span> <\/label>\n<\/p>\n<p><label> Adjuntar archivo<br \/>\n<span class=\"wpcf7-form-control-wrap\" data-name=\"arch_web\"><input size=\"40\" class=\"wpcf7-form-control wpcf7-file\" accept=\".pdf,.txt\" aria-invalid=\"false\" type=\"file\" name=\"arch_web\" \/><\/span> <\/label>\n<\/p>\n<p><span class=\"wpcf7-form-control-wrap\" data-name=\"mi-aceptacion\"><span class=\"wpcf7-form-control wpcf7-acceptance\"><span class=\"wpcf7-list-item\"><label><input type=\"checkbox\" name=\"mi-aceptacion\" value=\"1\" aria-invalid=\"false\" \/><span class=\"wpcf7-list-item-label\">He le\u00eddo y acepto las <a href=\"#\">Pol\u00edticas de privacidad<\/a> tal y como se detallan.<\/span><\/label><\/span><\/span><\/span>\n<\/p>\n<p><input class=\"wpcf7-form-control wpcf7-submit has-spinner\" type=\"submit\" value=\"Enviar\" \/>\n<\/p><p style=\"display: none !important;\" class=\"akismet-fields-container\" data-prefix=\"_wpcf7_ak_\"><label>&#916;<textarea name=\"_wpcf7_ak_hp_textarea\" cols=\"45\" rows=\"8\" maxlength=\"100\"><\/textarea><\/label><input type=\"hidden\" id=\"ak_js_1\" name=\"_wpcf7_ak_js\" value=\"47\"\/><script>\ndocument.getElementById( \"ak_js_1\" ).setAttribute( \"value\", ( new Date() ).getTime() );\n<\/script>\n<\/p><input type='hidden' class='wpcf7-pum' value='{\"closepopup\":false,\"closedelay\":0,\"openpopup\":false,\"openpopup_id\":0}' \/><div class=\"wpcf7-response-output\" aria-hidden=\"true\"><\/div>\n<\/form>\n<\/div>\n<\/div>\n<\/div><\/div>\n\n\n\n<br><br><br>\n\n\n\n<p><\/p>\n","protected":false},"excerpt":{"rendered":"<p>Con m\u00e1s de 30 a\u00f1os realizando selecci\u00f3n de personal,&nbsp;ARESTES&nbsp;proporciona servicios de&nbsp;headhunting altamente especializados&nbsp;en los sectores m\u00e1s vanguardistas abarcando todas las tecnolog\u00edas y puestos del organigrama de cualquier empresa. ARESTES est\u00e1 \u00fanicamente dedicado a la&nbsp;b\u00fasqueda y selecci\u00f3n de personal. Con un equipo de recruiting altamente especializado y con la ayuda de psic\u00f3logos e ingenieros que realizaran&hellip;&nbsp;<\/p>\n","protected":false},"author":1,"featured_media":0,"parent":0,"menu_order":0,"comment_status":"closed","ping_status":"open","template":"","meta":{"_monsterinsights_skip_tracking":false,"_monsterinsights_sitenote_active":false,"_monsterinsights_sitenote_note":"","_monsterinsights_sitenote_category":0,"neve_meta_sidebar":"","neve_meta_container":"","neve_meta_enable_content_width":"","neve_meta_content_width":0,"neve_meta_title_alignment":"left","neve_meta_author_avatar":"","neve_post_elements_order":"","neve_meta_disable_header":"","neve_meta_disable_footer":"","neve_meta_disable_title":"on","footnotes":""},"class_list":["post-359","page","type-page","status-publish","hentry"],"_links":{"self":[{"href":"https:\/\/arestes.es\/index.php\/wp-json\/wp\/v2\/pages\/359","targetHints":{"allow":["GET"]}}],"collection":[{"href":"https:\/\/arestes.es\/index.php\/wp-json\/wp\/v2\/pages"}],"about":[{"href":"https:\/\/arestes.es\/index.php\/wp-json\/wp\/v2\/types\/page"}],"author":[{"embeddable":true,"href":"https:\/\/arestes.es\/index.php\/wp-json\/wp\/v2\/users\/1"}],"replies":[{"embeddable":true,"href":"https:\/\/arestes.es\/index.php\/wp-json\/wp\/v2\/comments?post=359"}],"version-history":[{"count":6,"href":"https:\/\/arestes.es\/index.php\/wp-json\/wp\/v2\/pages\/359\/revisions"}],"predecessor-version":[{"id":445,"href":"https:\/\/arestes.es\/index.php\/wp-json\/wp\/v2\/pages\/359\/revisions\/445"}],"wp:attachment":[{"href":"https:\/\/arestes.es\/index.php\/wp-json\/wp\/v2\/media?parent=359"}],"curies":[{"name":"wp","href":"https:\/\/api.w.org\/{rel}","templated":true}]}}